{"id":219,"date":"2021-09-03T08:01:34","date_gmt":"2021-09-03T08:01:34","guid":{"rendered":"https:\/\/tuntemedianias.maspalomas.com\/?page_id=219"},"modified":"2021-09-03T08:01:35","modified_gmt":"2021-09-03T08:01:35","slug":"politica-de-cookies","status":"publish","type":"page","link":"https:\/\/tuntemedianias.maspalomas.com\/?page_id=219","title":{"rendered":"Pol\u00edtica de cookies"},"content":{"rendered":"\n<p>Una <em>cookie<\/em> es un peque\u00f1o archivo que se almacena en el ordenador del usuario. El conjunto de <em>cookies <\/em>nos ayuda a mejorar la calidad de nuestro web, ya que permite controlar qu\u00e9 p\u00e1ginas les parecen \u00fatiles a nuestros usuarios y cu\u00e1les no.<\/p>\n\n\n\n<p>Las <em>cookies<\/em> son esenciales para el funcionamiento de internet, aportan innumerables ventajas a la prestaci\u00f3n de servicios interactivos y facilitan la navegaci\u00f3n y usabilidad de nuestro web. Tiene que tener en cuenta que las <em>cookies <\/em>no pueden da\u00f1ar tu equipo.<\/p>\n\n\n\n<p>La informaci\u00f3n que te proporcionamos a continuaci\u00f3n te ayudar\u00e1 a comprender los diferentes tipos de <em>cookies<\/em>:<\/p>\n\n\n\n<ul><li><em>Cookies <\/em><strong>de sesi\u00f3n<\/strong>: son <em>cookies <\/em>temporales que permanecen en el archivo de <em>cookies <\/em>de su navegador hasta que abandonas el sitio web, de modo que en ning\u00fan momento quedan registradas en el disco duro del usuario. La informaci\u00f3n obtenida por medio de estas <em>cookies <\/em>sirve para analizar pautas de tr\u00e1fico en el web. A la larga, eso nos permite proporcionar una mejor experiencia para mejorar el contenido y facilitar su uso.<\/li><li><em>Cookies <\/em><strong>permanentes<\/strong>: se almacenan en el disco duro y nuestro web las lee cada vez que realizas una nueva visita. Un web permanente posee una fecha de expiraci\u00f3n determinada. La <em>cookie <\/em>dejar\u00e1 de funcionar despu\u00e9s de esa fecha. Las utilizamos, generalmente, para facilitar los servicios de compra, registro e idioma.<\/li><\/ul>\n\n\n\n<p><strong>Seg\u00fan quien sea la entidad que gestione el dominio desde donde se env\u00edan las cookies y trate los datos que se obtengan se pueden distinguir dos tipos: <\/strong><em>cookies propias <\/em><strong>y <\/strong><strong>cookies de terceros<\/strong><strong>.<\/strong><\/p>\n\n\n\n<p>Por \u00faltimo, existe otra clasificaci\u00f3n con cinco tipos de cookies seg\u00fan la finalidad para la que se traten los datos obtenidos: <strong>cookies t\u00e9cnicas<\/strong>, <strong>cookies de personalizaci\u00f3n<\/strong>, <strong>cookies de an\u00e1lisis<\/strong>, <strong>cookies publicitarias <\/strong>y <strong>cookies de publicidad comportamental<\/strong>.<\/p>\n\n\n\n<p>Para m\u00e1s informaci\u00f3n a este respecto puede consultar la <a href=\"http:\/\/www.agpd.es\/portalwebAGPD\/canaldocumentacion\/publicaciones\/common\/Guias\/Guia_Cookies.pdf\">Gu\u00eda sobre el uso de las cookies de la Agencia Espa\u00f1ola de Protecci\u00f3n de Datos<\/a><\/p>\n","protected":false},"excerpt":{"rendered":"<p>Una cookie es un peque\u00f1o archivo que se almacena en el ordenador del usuario. El conjunto de cookies nos ayuda a mejorar la calidad de nuestro web, ya que permite controlar qu\u00e9 p\u00e1ginas les parecen \u00fatiles a nuestros usuarios y cu\u00e1les no. Las cookies son esenciales para el funcionamiento de internet, aportan innumerables ventajas a<br \/><a class=\"moretag\" href=\"https:\/\/tuntemedianias.maspalomas.com\/?page_id=219\">+ M\u00e1s informaci\u00f3n<\/a><\/p>\n","protected":false},"author":1,"featured_media":0,"parent":0,"menu_order":0,"comment_status":"closed","ping_status":"closed","template":"","meta":[],"_links":{"self":[{"href":"https:\/\/tuntemedianias.maspalomas.com\/index.php?rest_route=\/wp\/v2\/pages\/219"}],"collection":[{"href":"https:\/\/tuntemedianias.maspalomas.com\/index.php?rest_route=\/wp\/v2\/pages"}],"about":[{"href":"https:\/\/tuntemedianias.maspalomas.com\/index.php?rest_route=\/wp\/v2\/types\/page"}],"author":[{"embeddable":true,"href":"https:\/\/tuntemedianias.maspalomas.com\/index.php?rest_route=\/wp\/v2\/users\/1"}],"replies":[{"embeddable":true,"href":"https:\/\/tuntemedianias.maspalomas.com\/index.php?rest_route=%2Fwp%2Fv2%2Fcomments&post=219"}],"version-history":[{"count":1,"href":"https:\/\/tuntemedianias.maspalomas.com\/index.php?rest_route=\/wp\/v2\/pages\/219\/revisions"}],"predecessor-version":[{"id":220,"href":"https:\/\/tuntemedianias.maspalomas.com\/index.php?rest_route=\/wp\/v2\/pages\/219\/revisions\/220"}],"wp:attachment":[{"href":"https:\/\/tuntemedianias.maspalomas.com\/index.php?rest_route=%2Fwp%2Fv2%2Fmedia&parent=219"}],"curies":[{"name":"wp","href":"https:\/\/api.w.org\/{rel}","templated":true}]}}