{"id":221,"date":"2021-09-03T08:02:05","date_gmt":"2021-09-03T08:02:05","guid":{"rendered":"https:\/\/tuntemedianias.maspalomas.com\/?page_id=221"},"modified":"2021-09-03T08:02:06","modified_gmt":"2021-09-03T08:02:06","slug":"aviso-legal","status":"publish","type":"page","link":"https:\/\/tuntemedianias.maspalomas.com\/?page_id=221","title":{"rendered":"Aviso Legal"},"content":{"rendered":"\n<p>El Ayuntamiento de San Bartolom\u00e9 de Tirajana, a trav\u00e9s del dominio <strong>maspalomas.com <\/strong>facilita informaci\u00f3n de inter\u00e9s general de. municipio de San Bartolom\u00e9 de Tirajana y, en especial, informaci\u00f3n y gestiones propias de la organizaci\u00f3n municipal.<\/p>\n\n\n\n<p>La informaci\u00f3n facilitada es la vigente en el momento de su publicaci\u00f3n.<\/p>\n\n\n\n<p>El Ayuntamiento de San Bartolom\u00e9 de Tirajana procura que esta informaci\u00f3n sea exacta y precisa, y procede a su actualizaci\u00f3n con la m\u00e1xima celeridad posible, tratando de evitar errores y corrigi\u00e9ndolos tan pronto como los detecta. No obstante, el Ayuntamiento de San Bartolom\u00e9 de Tirajana no puede garantizar la inexistencia de errores ni que el contenido de la informaci\u00f3n se encuentre permanentemente actualizado.<\/p>\n\n\n\n<p>El Ayuntamiento de San Bartolom\u00e9 de Tirajana podr\u00e1 efectuar, en cualquier momento y sin necesidad de previo aviso, modificaciones, supresiones o actualizaciones de la informaci\u00f3n contenida en <strong>maspalomas.com <\/strong>o en su configuraci\u00f3n o presentaci\u00f3n.<\/p>\n\n\n\n<p>El acceso al dominio <strong>maspalomas.com<\/strong>, as\u00ed como el uso de la informaci\u00f3n que contiene, son de la exclusiva responsabilidad del usuario. El Ayuntamiento de San Bartolom\u00e9 de Tirajana no es responsable de ning\u00fan perjuicio que pudiera derivarse de esos hechos, ni tampoco puede garantizar que el acceso no se vea interrumpido o que el contenido o software al que pueda accederse est\u00e9 libre de error o de causar da\u00f1o.<\/p>\n\n\n\n<p>La informaci\u00f3n proporcionada en respuesta a cualquier consulta o petici\u00f3n de informaci\u00f3n tiene car\u00e1cter meramente orientativo y en ning\u00fan caso resultar\u00e1 vinculante para la resoluci\u00f3n de los procedimientos administrativos, los cuales se hallan estrictamente sujetos a las normas legales o reglamentarias que les sean de aplicaci\u00f3n.<\/p>\n\n\n\n<p>En <strong>maspalomas<\/strong><strong>.com <\/strong>se incluyen enlaces a p\u00e1ginas de sitios web de terceros, fundamentalmente de otras Administraciones p\u00fablicas, que se considera pueden ser de inter\u00e9s para los usuarios. El Ayuntamiento de San Bartolom\u00e9 de Tirajana no asume ninguna responsabilidad derivada de las conexiones o los contenidos de esos enlaces.<\/p>\n\n\n\n<p>El portal <strong>maspalomas.com<\/strong>, sus dise\u00f1os gr\u00e1ficos y las informaciones y c\u00f3digos que contiene son de titularidad del Ayuntamiento de San Bartolom\u00e9 de Tirajana, salvo expresa indicaci\u00f3n de una titularidad diferente, y est\u00e1n protegidos por la legislaci\u00f3n sobre propiedad intelectual.<\/p>\n\n\n\n<p>Los contenidos de este dominio pueden ser descargados en el terminal del usuario siempre que sea para su uso privado y sin ning\u00fan fin comercial,pero no pueden ser objeto de explotaci\u00f3n, reproducci\u00f3n, distribuci\u00f3n, modificaci\u00f3n, comunicaci\u00f3n p\u00fablica, cesi\u00f3n o transformaci\u00f3n, salvo autorizaci\u00f3n espec\u00edfica y expresa.<\/p>\n","protected":false},"excerpt":{"rendered":"<p>El Ayuntamiento de San Bartolom\u00e9 de Tirajana, a trav\u00e9s del dominio maspalomas.com facilita informaci\u00f3n de inter\u00e9s general de. municipio de San Bartolom\u00e9 de Tirajana y, en especial, informaci\u00f3n y gestiones propias de la organizaci\u00f3n municipal. La informaci\u00f3n facilitada es la vigente en el momento de su publicaci\u00f3n. El Ayuntamiento de San Bartolom\u00e9 de Tirajana procura<br \/><a class=\"moretag\" href=\"https:\/\/tuntemedianias.maspalomas.com\/?page_id=221\">+ M\u00e1s informaci\u00f3n<\/a><\/p>\n","protected":false},"author":1,"featured_media":0,"parent":0,"menu_order":0,"comment_status":"closed","ping_status":"closed","template":"","meta":[],"_links":{"self":[{"href":"https:\/\/tuntemedianias.maspalomas.com\/index.php?rest_route=\/wp\/v2\/pages\/221"}],"collection":[{"href":"https:\/\/tuntemedianias.maspalomas.com\/index.php?rest_route=\/wp\/v2\/pages"}],"about":[{"href":"https:\/\/tuntemedianias.maspalomas.com\/index.php?rest_route=\/wp\/v2\/types\/page"}],"author":[{"embeddable":true,"href":"https:\/\/tuntemedianias.maspalomas.com\/index.php?rest_route=\/wp\/v2\/users\/1"}],"replies":[{"embeddable":true,"href":"https:\/\/tuntemedianias.maspalomas.com\/index.php?rest_route=%2Fwp%2Fv2%2Fcomments&post=221"}],"version-history":[{"count":1,"href":"https:\/\/tuntemedianias.maspalomas.com\/index.php?rest_route=\/wp\/v2\/pages\/221\/revisions"}],"predecessor-version":[{"id":222,"href":"https:\/\/tuntemedianias.maspalomas.com\/index.php?rest_route=\/wp\/v2\/pages\/221\/revisions\/222"}],"wp:attachment":[{"href":"https:\/\/tuntemedianias.maspalomas.com\/index.php?rest_route=%2Fwp%2Fv2%2Fmedia&parent=221"}],"curies":[{"name":"wp","href":"https:\/\/api.w.org\/{rel}","templated":true}]}}