{"id":223,"date":"2021-09-03T08:02:31","date_gmt":"2021-09-03T08:02:31","guid":{"rendered":"https:\/\/tuntemedianias.maspalomas.com\/?page_id=223"},"modified":"2021-09-03T08:02:32","modified_gmt":"2021-09-03T08:02:32","slug":"proteccion-de-datos","status":"publish","type":"page","link":"https:\/\/tuntemedianias.maspalomas.com\/?page_id=223","title":{"rendered":"Protecci\u00f3n de Datos"},"content":{"rendered":"\n<p>Desde el <strong>25 de Mayo de 2018<\/strong> es obligado el cumplimiento del Reglamento General Europeo de Protecci\u00f3n de Datos (UE) 2016\/679, de 27 de abril de 2016, de aplicaci\u00f3n directa, var\u00eda profundamente la anterior normativa en materia de Protecci\u00f3n de Datos en Espa\u00f1a. &nbsp; Desde el Ilustre <strong>Ayuntamiento de la Villa de San Bartolom\u00e9 de Tirajana<\/strong>, fieles al compromiso que adquirimos con la ciudadan\u00eda conforme a la mejora en materia de derechos y libertades, estamos instaurando este <strong>Reglamento General Europeo de Protecci\u00f3n de Datos (RGPD)<\/strong> y regulando todas las caracter\u00edsticas novedosas que contiene para adaptarlas a nuestros tratamientos. &nbsp; Una de las modificaciones principales es la implantaci\u00f3n del principio de responsabilidad <strong>proactiva<\/strong> que origina un cambio del punto de vista anterior pasando ahora el responsable de los datos a ser el agente obligado a demostrar que los tratamientos y la recogida de datos se efect\u00faan de manera correcta cumpliendo todos los requisitos legales para el cumplimiento de los derechos de los afectados. &nbsp; Otra de las novedades es la aparici\u00f3n de la figura del <strong>Delegado de Protecci\u00f3n de Datos<\/strong> que emerge como actor principal a la hora del asesoramiento dentro del campo de los datos personales y especialmente en el tratamiento de \u00e9stos siendo el encargado de velar por los intereses de los afectados. &nbsp; La forma de trabajar la captaci\u00f3n y tratamiento de datos pasa de ser mediante el alta de ficheros en la Agencia Espa\u00f1ola de Protecci\u00f3n de Datos (AEPD) a un sistema de <strong>Registro de Actividades de Tratamiento<\/strong> donde la informaci\u00f3n que se suministra es mucho m\u00e1s completa. &nbsp; Se genera la necesidad de adecuar la informaci\u00f3n que se ofrece a los interesados cuando se recogen sus datos a las exigencias del RGPD (art. 13 y 14) as\u00ed como de implantar los procedimientos para el <strong>ejercicio de sus derechos<\/strong>: derecho de acceso, de rectificaci\u00f3n, de supresi\u00f3n (derecho al olvido), a la limitaci\u00f3n del tratamiento, a la portabilidad de los datos y el de oposici\u00f3n. &nbsp; Realizar un an\u00e1lisis de riesgo de los tratamientos que se lleven a cabo y valorar aquellos que requieran una <strong>Evaluaci\u00f3n de Impacto<\/strong> porque supongan un alto riesgo para los derechos y libertades de los interesados. &nbsp; Las <strong>Notificaciones de Violaciones de Seguridad<\/strong> de los datos deben seguir un procedimiento marcado y m\u00e1s \u00e1gil para detectarlas y solventarlas de manera eficaz. &nbsp; Por todo ello, desde el Ilustre Ayuntamiento de la Villa de San Bartolom\u00e9 de Tirajana proporcionaremos todos los mecanismos y medios para facilitar este tr\u00e1nsito y adaptarnos a las nuevas peculiaridades del Reglamento de tal forma que queden totalmente amparados y protegidos todos los derechos de aquellos interesados que aporten sus datos en esta Administraci\u00f3n.<\/p>\n","protected":false},"excerpt":{"rendered":"<p>Desde el 25 de Mayo de 2018 es obligado el cumplimiento del Reglamento General Europeo de Protecci\u00f3n de Datos (UE) 2016\/679, de 27 de abril de 2016, de aplicaci\u00f3n directa, var\u00eda profundamente la anterior normativa en materia de Protecci\u00f3n de Datos en Espa\u00f1a. &nbsp; Desde el Ilustre Ayuntamiento de la Villa de San Bartolom\u00e9 de<br \/><a class=\"moretag\" href=\"https:\/\/tuntemedianias.maspalomas.com\/?page_id=223\">+ M\u00e1s informaci\u00f3n<\/a><\/p>\n","protected":false},"author":1,"featured_media":0,"parent":0,"menu_order":0,"comment_status":"closed","ping_status":"closed","template":"","meta":[],"_links":{"self":[{"href":"https:\/\/tuntemedianias.maspalomas.com\/index.php?rest_route=\/wp\/v2\/pages\/223"}],"collection":[{"href":"https:\/\/tuntemedianias.maspalomas.com\/index.php?rest_route=\/wp\/v2\/pages"}],"about":[{"href":"https:\/\/tuntemedianias.maspalomas.com\/index.php?rest_route=\/wp\/v2\/types\/page"}],"author":[{"embeddable":true,"href":"https:\/\/tuntemedianias.maspalomas.com\/index.php?rest_route=\/wp\/v2\/users\/1"}],"replies":[{"embeddable":true,"href":"https:\/\/tuntemedianias.maspalomas.com\/index.php?rest_route=%2Fwp%2Fv2%2Fcomments&post=223"}],"version-history":[{"count":1,"href":"https:\/\/tuntemedianias.maspalomas.com\/index.php?rest_route=\/wp\/v2\/pages\/223\/revisions"}],"predecessor-version":[{"id":224,"href":"https:\/\/tuntemedianias.maspalomas.com\/index.php?rest_route=\/wp\/v2\/pages\/223\/revisions\/224"}],"wp:attachment":[{"href":"https:\/\/tuntemedianias.maspalomas.com\/index.php?rest_route=%2Fwp%2Fv2%2Fmedia&parent=223"}],"curies":[{"name":"wp","href":"https:\/\/api.w.org\/{rel}","templated":true}]}}